{"id":1709,"date":"2015-07-17T10:22:08","date_gmt":"2015-07-17T10:22:08","guid":{"rendered":"http:\/\/galapagosnative.com\/blog\/"},"modified":"2026-04-02T23:40:58","modified_gmt":"2026-04-03T04:40:58","slug":"blog","status":"publish","type":"page","link":"https:\/\/galapagosnative.com\/en\/blog\/","title":{"rendered":"Blog"},"content":{"rendered":"\t\t<div data-elementor-type=\"wp-page\" data-elementor-id=\"1709\" class=\"elementor elementor-1709 elementor-57\" data-elementor-post-type=\"page\">\n\t\t\t\t\t\t<section class=\"elementor-section elementor-top-section elementor-element elementor-element-de220e1 elementor-section-boxed elementor-section-height-default elementor-section-height-default\" data-id=\"de220e1\" data-element_type=\"section\" data-e-type=\"section\">\n\t\t\t\t\t\t<div class=\"elementor-container elementor-column-gap-default\">\n\t\t\t\t\t<div class=\"elementor-column elementor-col-100 elementor-top-column elementor-element elementor-element-c8563dd\" data-id=\"c8563dd\" data-element_type=\"column\" data-e-type=\"column\">\n\t\t\t<div class=\"elementor-widget-wrap elementor-element-populated\">\n\t\t\t\t\t\t<div class=\"elementor-element elementor-element-b699ef6 elementor-widget elementor-widget-heading\" data-id=\"b699ef6\" data-element_type=\"widget\" data-e-type=\"widget\" data-widget_type=\"heading.default\">\n\t\t\t\t\t<h1 class=\"elementor-heading-title elementor-size-default\">Blog<\/h1>\t\t\t\t<\/div>\n\t\t\t\t<div class=\"elementor-element elementor-element-629448d elementor-widget elementor-widget-ucaddon_post_magazine_grid\" data-id=\"629448d\" data-element_type=\"widget\" data-e-type=\"widget\" data-widget_type=\"ucaddon_post_magazine_grid.default\">\n\t\t\t\t<div class=\"elementor-widget-container\">\n\t\t\t\t\t\n<!-- start Post Magazine Grid -->\n\t\t<link id='font-awesome-css' href='https:\/\/galapagosnative.com\/wp-content\/plugins\/unlimited-elements-for-elementor-premium\/assets_libraries\/font-awesome6\/fontawesome-all.min.css' type='text\/css' rel='stylesheet' >\n\t\t<link id='font-awesome-4-shim-css' href='https:\/\/galapagosnative.com\/wp-content\/plugins\/unlimited-elements-for-elementor-premium\/assets_libraries\/font-awesome6\/fontawesome-v4-shims.min.css' type='text\/css' rel='stylesheet' >\n\n<style>\/* widget: Post Magazine Grid *\/\n\n\n\n#uc_post_magazine_grid_elementor_629448d *{\n  box-sizing:border-box;\n}\n\n#uc_post_magazine_grid_elementor_629448d{\n  display: grid;\n  grid-auto-rows: 1fr;\n}\n\n#uc_post_magazine_grid_elementor_629448d div.ue-grid-item{\n  overflow:hidden;\n  display:flex;\n  position:relative;\n}\n\n#uc_post_magazine_grid_elementor_629448d .ue-grid-item-intro{\n  position: relative;\n  z-index: 1;\n}\n\n#uc_post_magazine_grid_elementor_629448d .ue-grid-item-image img{\n  width:100%;\n  display:block;\n}\n\n#uc_post_magazine_grid_elementor_629448d.ue-layout-cover .ue-grid-item-image{\n  position:absolute;\n  top:0;\n  left:0;\n  bottom:0;\n  right:0;\n}\n\n#uc_post_magazine_grid_elementor_629448d.ue-layout-cover .ue-grid-item-image img{\n  height:100%;\n  object-fit: cover;\n}\n\n#uc_post_magazine_grid_elementor_629448d.ue-layout-cover .ue-grid-item-content{\n  position:absolute;\n  width:100%;\n  bottom:0px;\n}\n\n#uc_post_magazine_grid_elementor_629448d .ue-grid-item-image-overlay{\n  position:absolute;\n  z-index: 1;\n  width:100%;\n  top:0;\n  display:block;\n  bottom:0;\n  height:100%;\n  transition:0.3s;\n}\n\n.ue-grid-item-title a{\n  font-size:21px;\n  font-weight:bold;\n  position: relative;\n  z-index: 1;  \n}\n\n.ue-grid-item-category a{\n  display:inline-block;\n  font-size:10px;\n  text-transform:uppercase;\n  position: relative;\n  z-index: 1; \n}\n\n#uc_post_magazine_grid_elementor_629448d .uc_more_btn{\n  text-align:center;\n  text-decoration:none;\n  transition:0.3s;\n  position: relative;\n  z-index: 1;\n}\n\n#uc_post_magazine_grid_elementor_629448d .ue-grid-item-meta-data{\n  display:flex;\n  flex-wrap: wrap;\n}\n\n.ue-grid-item-meta-data{\n  font-size:12px;\n}\n\n#uc_post_magazine_grid_elementor_629448d .ue-grid-item-meta-data-icon{\n  line-height:1em;\n}\n\n#uc_post_magazine_grid_elementor_629448d .ue-grid-item-meta-data-icon svg{\n  width:1em;\n  height:1em;\n}\n\n\n\n#uc_post_magazine_grid_elementor_629448d .ue-date-calendar{\n     position:absolute;\n     top:0px;\n     left:0px;\n     text-align:center;\n}\n\n@media only screen and (max-width: 600px) {\n  #uc_post_magazine_grid_elementor_629448d div.ue-grid-item  {\n    grid-column: span 1;\n    grid-row: span 1;\n  }\n  \n  #uc_post_magazine_grid_elementor_629448d  {\n  grid-template-columns: repeat(1, 1fr);\n  }\n}\n\n\n\n<\/style>\n\n<div id=\"uc_post_magazine_grid_elementor_629448d\" class=\"post_magazine_grid ue-layout-cover uc-items-wrapper \" >\n\t\n<div class=\"ue-grid-item\">\n  \n\t<div class=\"ue-grid-item-image\">\n       \n          <img decoding=\"async\" src=\"https:\/\/galapagosnative.com\/wp-content\/uploads\/2019\/02\/tortuga-no-extin-768x506.png\"  src=\"https:\/\/galapagosnative.com\/wp-content\/uploads\/2019\/02\/tortuga-no-extin-768x506.png\" alt=\"tortuga gigante de galapagos chelonoidis phantasticus\" width=\"768\" height=\"506\">  \n      \t\n\t        \n      <a class=\"ue-grid-item-image-overlay \" href='https:\/\/galapagosnative.com\/en\/an-extinted-turtle-was-found\/'><\/a>\n    <\/div>\n    <div class=\"ue-grid-item-content\">\n      \n                    \n      <div class=\"ue-grid-item-title\"><a class=\"\" href='https:\/\/galapagosnative.com\/en\/an-extinted-turtle-was-found\/'>This turtle was not extinted<\/a><\/div>      \n            \n      <div class=\"ue-grid-item-intro\">This specie comes to life The expeditioners celebrate...<\/div>          <\/div>\n  \n    \n    \n    \n<\/div>\n\n<div class=\"ue-grid-item\">\n  \n\t<div class=\"ue-grid-item-image\">\n       \n          <img decoding=\"async\" src=\"https:\/\/galapagosnative.com\/wp-content\/uploads\/2018\/02\/galapagos_lobo_marino_con_turista.jpg\"  src=\"https:\/\/galapagosnative.com\/wp-content\/uploads\/2018\/02\/galapagos_lobo_marino_con_turista.jpg\" alt=\"galapagos_lobo_marino_con_turista\" width=\"1920\" height=\"1280\">  \n      \t\n\t        \n      <a class=\"ue-grid-item-image-overlay \" href='https:\/\/galapagosnative.com\/en\/what-is-galapagos\/'><\/a>\n    <\/div>\n    <div class=\"ue-grid-item-content\">\n      \n                    \n      <div class=\"ue-grid-item-title\"><a class=\"\" href='https:\/\/galapagosnative.com\/en\/what-is-galapagos\/'>What is Galapagos?<\/a><\/div>      \n            \n      <div class=\"ue-grid-item-intro\">It is a group of Islands like Isabela, which was named...<\/div>          <\/div>\n  \n    \n    \n    \n<\/div>\n\n<div class=\"ue-grid-item\">\n  \n\t<div class=\"ue-grid-item-image\">\n       \n          <img loading=\"lazy\" decoding=\"async\" src=\"https:\/\/galapagosnative.com\/wp-content\/uploads\/2015\/07\/tortoise-163756-1.jpg\"  src=\"https:\/\/galapagosnative.com\/wp-content\/uploads\/2015\/07\/tortoise-163756-1.jpg\" alt=\"Estaci\u00f3n Charles Darwin\" width=\"1920\" height=\"1440\">  \n      \t\n\t        \n      <a class=\"ue-grid-item-image-overlay \" href='https:\/\/galapagosnative.com\/en\/farms-of-the-highest-zone-of-santa-cruz\/'><\/a>\n    <\/div>\n    <div class=\"ue-grid-item-content\">\n      \n                    \n      <div class=\"ue-grid-item-title\"><a class=\"\" href='https:\/\/galapagosnative.com\/en\/farms-of-the-highest-zone-of-santa-cruz\/'>Farms of the highest zone of Santa Cruz<\/a><\/div>      \n            \n      <div class=\"ue-grid-item-intro\">The top of Santa Cruz Island offers important attractions...<\/div>          <\/div>\n  \n    \n    \n    \n<\/div>\n\n<\/div>\n\n\n<!-- end Post Magazine Grid -->\t\t\t\t<\/div>\n\t\t\t\t<\/div>\n\t\t\t\t\t<\/div>\n\t\t<\/div>\n\t\t\t\t\t<\/div>\n\t\t<\/section>\n\t\t\t\t<\/div>\n\t\t","protected":false},"excerpt":{"rendered":"<p>Blog Snorkeling en Gal\u00e1pagos: Una Gu\u00eda Completa para tu Aventura El archipi\u00e9lago de Gal\u00e1pagos, ubicado en el Pac\u00edfico&#8230; Ranchos de Parte Alta La parte alta de la isla Santa Cruz ofrece atractivos&#8230; Tour imperdible en Isabela: Los T\u00faneles &#8220;Cabo Rosa&#8221; Una de las visitas que m\u00e1s destacan los turistas que&#8230; \u00bfQu\u00e9 es Gal\u00e1pagos? Es un [&hellip;]<\/p>\n","protected":false},"author":1,"featured_media":0,"parent":0,"menu_order":0,"comment_status":"closed","ping_status":"closed","template":"","meta":{"footnotes":""},"class_list":["post-1709","page","type-page","status-publish","hentry"],"_links":{"self":[{"href":"https:\/\/galapagosnative.com\/en\/wp-json\/wp\/v2\/pages\/1709","targetHints":{"allow":["GET"]}}],"collection":[{"href":"https:\/\/galapagosnative.com\/en\/wp-json\/wp\/v2\/pages"}],"about":[{"href":"https:\/\/galapagosnative.com\/en\/wp-json\/wp\/v2\/types\/page"}],"author":[{"embeddable":true,"href":"https:\/\/galapagosnative.com\/en\/wp-json\/wp\/v2\/users\/1"}],"replies":[{"embeddable":true,"href":"https:\/\/galapagosnative.com\/en\/wp-json\/wp\/v2\/comments?post=1709"}],"version-history":[{"count":3,"href":"https:\/\/galapagosnative.com\/en\/wp-json\/wp\/v2\/pages\/1709\/revisions"}],"predecessor-version":[{"id":5243,"href":"https:\/\/galapagosnative.com\/en\/wp-json\/wp\/v2\/pages\/1709\/revisions\/5243"}],"wp:attachment":[{"href":"https:\/\/galapagosnative.com\/en\/wp-json\/wp\/v2\/media?parent=1709"}],"curies":[{"name":"wp","href":"https:\/\/api.w.org\/{rel}","templated":true}]}}