{"id":1730,"date":"2015-07-23T13:51:09","date_gmt":"2015-07-23T13:51:09","guid":{"rendered":"http:\/\/galapagosnative.com\/galeria\/"},"modified":"2026-04-02T23:47:02","modified_gmt":"2026-04-03T04:47:02","slug":"gallery","status":"publish","type":"page","link":"https:\/\/galapagosnative.com\/en\/gallery\/","title":{"rendered":"Gallery"},"content":{"rendered":"\t\t<div data-elementor-type=\"wp-page\" data-elementor-id=\"1730\" class=\"elementor elementor-1730 elementor-159\" data-elementor-post-type=\"page\">\n\t\t\t\t\t\t<section class=\"elementor-section elementor-top-section elementor-element elementor-element-a7abd6e elementor-section-boxed elementor-section-height-default elementor-section-height-default\" data-id=\"a7abd6e\" data-element_type=\"section\" data-e-type=\"section\">\n\t\t\t\t\t\t<div class=\"elementor-container elementor-column-gap-default\">\n\t\t\t\t\t<div class=\"elementor-column elementor-col-100 elementor-top-column elementor-element elementor-element-e856f83\" data-id=\"e856f83\" data-element_type=\"column\" data-e-type=\"column\">\n\t\t\t<div class=\"elementor-widget-wrap elementor-element-populated\">\n\t\t\t\t\t\t<div class=\"elementor-element elementor-element-be676ee elementor-widget elementor-widget-heading\" data-id=\"be676ee\" data-element_type=\"widget\" data-e-type=\"widget\" data-widget_type=\"heading.default\">\n\t\t\t\t\t<h1 class=\"elementor-heading-title elementor-size-default\">Gallery<\/h1>\t\t\t\t<\/div>\n\t\t\t\t<div class=\"elementor-element elementor-element-9545717 elementor-widget elementor-widget-ucaddon_uc_tiles_columns_image\" data-id=\"9545717\" data-element_type=\"widget\" data-e-type=\"widget\" data-widget_type=\"ucaddon_uc_tiles_columns_image.default\">\n\t\t\t\t<div class=\"elementor-widget-container\">\n\t\t\t\t\t\n<!-- start Masonry &amp; Justified Gallery -->\n\t\t<link id='font-awesome-css' href='https:\/\/galapagosnative.com\/wp-content\/plugins\/unlimited-elements-for-elementor-premium\/assets_libraries\/font-awesome6\/fontawesome-all.min.css' type='text\/css' rel='stylesheet' >\n\t\t<link id='font-awesome-4-shim-css' href='https:\/\/galapagosnative.com\/wp-content\/plugins\/unlimited-elements-for-elementor-premium\/assets_libraries\/font-awesome6\/fontawesome-v4-shims.min.css' type='text\/css' rel='stylesheet' >\n\t\t<link id='unitegallery-css' href='https:\/\/galapagosnative.com\/wp-content\/plugins\/unlimited-elements-for-elementor-premium\/assets_libraries\/unitegallery\/css\/unite-gallery.css' type='text\/css' rel='stylesheet' >\n\t\t<link id='uc_ac_assets_file_uc_columns_unite_gallery_css_37416-css' href='https:\/\/galapagosnative.com\/wp-content\/uploads\/ac_assets\/uc_tiles_columns_image\/uc-columns-unite-gallery.css' type='text\/css' rel='stylesheet' >\n\n<style>\/* widget: Masonry &amp; Justified Gallery *\/\n\n#uc_uc_tiles_columns_image_elementor_9545717{\n  margin:0 auto;\n      display: none;\n  }\n\n#wrapperuc_uc_tiles_columns_image_elementor_9545717{\n  min-height:1px;  \n}\n\n\n\/* pagination *\/\n#wrapperuc_uc_tiles_columns_image_elementor_9545717 .uc_post_grid_style_one_prev_button_pagination{\n  display: flex;\n  align-items: center;\n}\n\n#wrapperuc_uc_tiles_columns_image_elementor_9545717 .uc_post_grid_style_one_pagination_button,\n#wrapperuc_uc_tiles_columns_image_elementor_9545717 .uc_post_grid_style_one_pagination_number{\n  padding: 0;\n  justify-content: center;\n  align-items: center;\n  transition: all .3s ease;\n  margin: 0;\n}\n\n#wrapperuc_uc_tiles_columns_image_elementor_9545717 .uc_post_grid_style_one_pagination_number:last-child,\n#wrapperuc_uc_tiles_columns_image_elementor_9545717 .uc_post_grid_style_one_pagination_number:first-child{\n  display: inline-flex;\n  position: relative;\n}\n\n#wrapperuc_uc_tiles_columns_image_elementor_9545717 .ue-hidden{\n  display: none;\n}\n\n#wrapperuc_uc_tiles_columns_image_elementor_9545717 .ue-disabled{\n  opacity: .5;\n  pointer-events: none;\n}\n\n#wrapperuc_uc_tiles_columns_image_elementor_9545717 .uc_post_grid_style_one_pagination_number.ue-visible{\n  display: inline-flex;\n}\n\n#wrapperuc_uc_tiles_columns_image_elementor_9545717 .uc_post_grid_style_one_pagination_numbers{\n  display: flex;\n  flex-wrap: wrap;\n}\n\n#wrapperuc_uc_tiles_columns_image_elementor_9545717 .uc_post_grid_style_one_prev_button_pagination_wrap{\n  display: flex;\n}\n\/* end pagination *\/\n\n<\/style>\n\n<div id=\"wrapperuc_uc_tiles_columns_image_elementor_9545717\">\n  \n  <div id=\"uc_uc_tiles_columns_image_elementor_9545717\" style=\"display:none;\" class=\"uc-items-wrapper\" data-custom-sethtml=\"true\" >\n    \n<img decoding=\"async\" alt=\"IMG_6716\"\n   src=\"https:\/\/galapagosnative.com\/wp-content\/uploads\/2025\/07\/IMG_6716-768x700.jpeg\"\n    data-image=\"https:\/\/galapagosnative.com\/wp-content\/uploads\/2025\/07\/IMG_6716-1024x934.jpeg\"\n    data-title=\"IMG_6716\">\n\n<img decoding=\"async\" alt=\"Landscape,Of,Western,Coast,,San,Cristobal,Or,Chatham,Island,,Galapagos,\"\n   src=\"https:\/\/galapagosnative.com\/wp-content\/uploads\/2022\/06\/shutterstock_1336415750-768x538.jpg\"\n    data-image=\"https:\/\/galapagosnative.com\/wp-content\/uploads\/2022\/06\/shutterstock_1336415750.jpg\"\n    data-title=\"Landscape,Of,Western,Coast,,San,Cristobal,Or,Chatham,Island,,Galapagos,\">\n\n<img decoding=\"async\" alt=\"View,Of,An,Underwater,Crater,In,The,Foreground,With,Pinnacle\"\n   src=\"https:\/\/galapagosnative.com\/wp-content\/uploads\/2022\/06\/shutterstock_288368375-768x513.jpg\"\n    data-image=\"https:\/\/galapagosnative.com\/wp-content\/uploads\/2022\/06\/shutterstock_288368375.jpg\"\n    data-title=\"View,Of,An,Underwater,Crater,In,The,Foreground,With,Pinnacle\">\n\n<img decoding=\"async\" alt=\"An,Aerial,View,Of,Bartolome,Island,And,The,Pinnacle,Rock\"\n   src=\"https:\/\/galapagosnative.com\/wp-content\/uploads\/2018\/05\/shutterstock_2152734131-1-768x432.jpg\"\n    data-image=\"https:\/\/galapagosnative.com\/wp-content\/uploads\/2018\/05\/shutterstock_2152734131-1.jpg\"\n    data-title=\"An,Aerial,View,Of,Bartolome,Island,And,The,Pinnacle,Rock\"\n    data-description=\"\ud83d\udc22 Tour a la Isla Bartolom\u00e9 \n\">\n\n<img decoding=\"async\" alt=\"Path,Leading,To,A,Viewpoint,On,Bartolome,Island,In,The\"\n   src=\"https:\/\/galapagosnative.com\/wp-content\/uploads\/2018\/05\/shutterstock_265791824-768x513.jpg\"\n    data-image=\"https:\/\/galapagosnative.com\/wp-content\/uploads\/2018\/05\/shutterstock_265791824.jpg\"\n    data-title=\"Path,Leading,To,A,Viewpoint,On,Bartolome,Island,In,The\">\n\n<img decoding=\"async\" alt=\"tour patrte alta portada\"\n   src=\"https:\/\/galapagosnative.com\/wp-content\/uploads\/2018\/05\/tour-patrte-alta-portada-768x576.jpg\"\n    data-image=\"https:\/\/galapagosnative.com\/wp-content\/uploads\/2018\/05\/tour-patrte-alta-portada.jpg\"\n    data-title=\"tour patrte alta portada\">\n\n<img decoding=\"async\" alt=\"Tour-charles-darwin\"\n   src=\"https:\/\/galapagosnative.com\/wp-content\/uploads\/2022\/06\/Tour-charles-darwin-768x512.jpg\"\n    data-image=\"https:\/\/galapagosnative.com\/wp-content\/uploads\/2022\/06\/Tour-charles-darwin.jpg\"\n    data-title=\"Tour-charles-darwin\"\n    data-description=\"Tour-charles-darwin\">\n\n<img decoding=\"async\" alt=\"parte alta cuevas2\"\n   src=\"https:\/\/galapagosnative.com\/wp-content\/uploads\/2018\/05\/parte-alta-cuevas2-768x1024.jpg\"\n    data-image=\"https:\/\/galapagosnative.com\/wp-content\/uploads\/2018\/05\/parte-alta-cuevas2-768x1024.jpg\"\n    data-title=\"parte alta cuevas2\">\n\n<img decoding=\"async\" alt=\"parte alta tortugas2\"\n   src=\"https:\/\/galapagosnative.com\/wp-content\/uploads\/2018\/05\/parte-alta-tortugas2-768x1024.jpg\"\n    data-image=\"https:\/\/galapagosnative.com\/wp-content\/uploads\/2018\/05\/parte-alta-tortugas2-768x1024.jpg\"\n    data-title=\"parte alta tortugas2\">\n\n<img decoding=\"async\" alt=\"que-es-un-ferry-galapagos-bote - copia\"\n   src=\"https:\/\/galapagosnative.com\/wp-content\/uploads\/2024\/11\/que-es-un-ferry-galapagos-bote-copia.jpg\"\n    data-image=\"https:\/\/galapagosnative.com\/wp-content\/uploads\/2024\/11\/que-es-un-ferry-galapagos-bote-copia.jpg\"\n    data-title=\"que-es-un-ferry-galapagos-bote - copia\"\n    data-description=\"asd\">\n\n<img decoding=\"async\" alt=\"Hotel San Vicente Gal\u00e1pagos\"\n   src=\"https:\/\/galapagosnative.com\/wp-content\/uploads\/2024\/12\/Hotel-San-Vicente-Galapagos-768x433.jpeg\"\n    data-image=\"https:\/\/galapagosnative.com\/wp-content\/uploads\/2024\/12\/Hotel-San-Vicente-Galapagos-1024x577.jpeg\"\n    data-title=\"Hotel San Vicente Gal\u00e1pagos\"\n    data-description=\"Hotel San Vicente Gal\u00e1pagos\">\n\n<img decoding=\"async\" alt=\"hotel-la-laguna-galapagos\"\n   src=\"https:\/\/galapagosnative.com\/wp-content\/uploads\/2024\/11\/hotel-la-laguna-galapagos-768x432.jpg\"\n    data-image=\"https:\/\/galapagosnative.com\/wp-content\/uploads\/2024\/11\/hotel-la-laguna-galapagos-1024x576.jpg\"\n    data-title=\"hotel-la-laguna-galapagos\"\n    data-description=\"hotel-la-laguna-galapagos\">\n\n<img decoding=\"async\" alt=\"IMG_1641\"\n   src=\"https:\/\/galapagosnative.com\/wp-content\/uploads\/2018\/05\/IMG_1641-768x1024.jpeg\"\n    data-image=\"https:\/\/galapagosnative.com\/wp-content\/uploads\/2018\/05\/IMG_1641-768x1024.jpeg\"\n    data-title=\"IMG_1641\">\n\n<img decoding=\"async\" alt=\"tou-isla-espanola-galapagos\"\n   src=\"https:\/\/galapagosnative.com\/wp-content\/uploads\/2018\/05\/tou-isla-espanola-galapagos-768x512.jpg\"\n    data-image=\"https:\/\/galapagosnative.com\/wp-content\/uploads\/2018\/05\/tou-isla-espanola-galapagos.jpg\"\n    data-title=\"tou-isla-espanola-galapagos\"\n    data-description=\"Isla Espa\u00f1ola | Tour diario en $230 \">\n\n<img decoding=\"async\" alt=\"DSC_0700\"\n   src=\"https:\/\/galapagosnative.com\/wp-content\/uploads\/2022\/06\/DSC_0700-768x1152.jpeg\"\n    data-image=\"https:\/\/galapagosnative.com\/wp-content\/uploads\/2022\/06\/DSC_0700-683x1024.jpeg\"\n    data-title=\"DSC_0700\">\n\n<img decoding=\"async\" alt=\"Snorkeling-en-islas-galapagos\"\n   src=\"https:\/\/galapagosnative.com\/wp-content\/uploads\/2024\/08\/Snorkeling-en-islas-galapagos-1-768x531.jpg\"\n    data-image=\"https:\/\/galapagosnative.com\/wp-content\/uploads\/2024\/08\/Snorkeling-en-islas-galapagos-1.jpg\"\n    data-title=\"Snorkeling-en-islas-galapagos\"\n    data-description=\"Gu\u00eda de esn\u00f3rquel en Gal\u00e1pagos\">\n\n<img decoding=\"async\" alt=\"GALAPAGOS ISLAND HOPPING 4D3N\"\n   src=\"https:\/\/galapagosnative.com\/wp-content\/uploads\/2022\/06\/GALAPAGOS-ISLAND-HOPPING-4D3N-768x512.webp\"\n    data-image=\"https:\/\/galapagosnative.com\/wp-content\/uploads\/2022\/06\/GALAPAGOS-ISLAND-HOPPING-4D3N-1024x683.webp\"\n    data-title=\"GALAPAGOS ISLAND HOPPING 4D3N\"\n    data-description=\"GALAPAGOS ISLAND HOPPING 4D3N\">\n\n<img decoding=\"async\" alt=\"1899936F-2B70-45A2-8D24-4228790FB4BF\"\n   src=\"https:\/\/galapagosnative.com\/wp-content\/uploads\/2022\/06\/1899936F-2B70-45A2-8D24-4228790FB4BF-768x768.jpg\"\n    data-image=\"https:\/\/galapagosnative.com\/wp-content\/uploads\/2022\/06\/1899936F-2B70-45A2-8D24-4228790FB4BF-1024x1024.jpg\"\n    data-title=\"1899936F-2B70-45A2-8D24-4228790FB4BF\">\n\n<img decoding=\"async\" alt=\"67209940-134E-468E-A137-74BD1FED2CF0\"\n   src=\"https:\/\/galapagosnative.com\/wp-content\/uploads\/2022\/06\/67209940-134E-468E-A137-74BD1FED2CF0-768x768.jpg\"\n    data-image=\"https:\/\/galapagosnative.com\/wp-content\/uploads\/2022\/06\/67209940-134E-468E-A137-74BD1FED2CF0-1024x1024.jpg\"\n    data-title=\"67209940-134E-468E-A137-74BD1FED2CF0\">\n\n<img decoding=\"async\" alt=\"DSC_0396\"\n   src=\"https:\/\/galapagosnative.com\/wp-content\/uploads\/2022\/06\/DSC_0396-768x512.jpg\"\n    data-image=\"https:\/\/galapagosnative.com\/wp-content\/uploads\/2022\/06\/DSC_0396-1024x683.jpg\"\n    data-title=\"DSC_0396\">\n\n<img decoding=\"async\" alt=\"DSC_0384\"\n   src=\"https:\/\/galapagosnative.com\/wp-content\/uploads\/2022\/06\/DSC_0384-scaled.jpg\"\n    data-image=\"https:\/\/galapagosnative.com\/wp-content\/uploads\/2022\/06\/DSC_0384-scaled.jpg\"\n    data-title=\"DSC_0384\">\n\n<img decoding=\"async\" alt=\"DSC_0290\"\n   src=\"https:\/\/galapagosnative.com\/wp-content\/uploads\/2022\/06\/DSC_0290-768x1152.jpg\"\n    data-image=\"https:\/\/galapagosnative.com\/wp-content\/uploads\/2022\/06\/DSC_0290-683x1024.jpg\"\n    data-title=\"DSC_0290\">\n\n<img decoding=\"async\" alt=\"DSC_0293\"\n   src=\"https:\/\/galapagosnative.com\/wp-content\/uploads\/2022\/06\/DSC_0293-scaled.jpg\"\n    data-image=\"https:\/\/galapagosnative.com\/wp-content\/uploads\/2022\/06\/DSC_0293-scaled.jpg\"\n    data-title=\"DSC_0293\">\n\n<img decoding=\"async\" alt=\"IMG_3290\"\n   src=\"https:\/\/galapagosnative.com\/wp-content\/uploads\/2022\/06\/IMG_3290-scaled.jpg\"\n    data-image=\"https:\/\/galapagosnative.com\/wp-content\/uploads\/2022\/06\/IMG_3290-scaled.jpg\"\n    data-title=\"IMG_3290\">\n\n<img decoding=\"async\" alt=\"DSC_0270\"\n   src=\"https:\/\/galapagosnative.com\/wp-content\/uploads\/2022\/06\/DSC_0270-scaled.jpg\"\n    data-image=\"https:\/\/galapagosnative.com\/wp-content\/uploads\/2022\/06\/DSC_0270-scaled.jpg\"\n    data-title=\"DSC_0270\">\n\n<img decoding=\"async\" alt=\"Flamingos de Gal\u00e1pagos\"\n   src=\"https:\/\/galapagosnative.com\/wp-content\/uploads\/2022\/06\/IMG_7325-768x512.jpg\"\n    data-image=\"https:\/\/galapagosnative.com\/wp-content\/uploads\/2022\/06\/IMG_7325-1024x683.jpg\"\n    data-title=\"Flamingos de Gal\u00e1pagos\">\n\n<img decoding=\"async\" alt=\"photo1657578359\"\n   src=\"https:\/\/galapagosnative.com\/wp-content\/uploads\/2018\/05\/photo1657578359-768x512.jpeg\"\n    data-image=\"https:\/\/galapagosnative.com\/wp-content\/uploads\/2018\/05\/photo1657578359-1024x682.jpeg\"\n    data-title=\"photo1657578359\"\n    data-description=\"Isabela 4 d\u00edas 3 noches\">\n\n<img decoding=\"async\" alt=\"photo1657578251\"\n   src=\"https:\/\/galapagosnative.com\/wp-content\/uploads\/2018\/05\/photo1657578251-768x960.jpeg\"\n    data-image=\"https:\/\/galapagosnative.com\/wp-content\/uploads\/2018\/05\/photo1657578251-819x1024.jpeg\"\n    data-title=\"photo1657578251\">\n\n<img decoding=\"async\" alt=\"photo1656610973\"\n   src=\"https:\/\/galapagosnative.com\/wp-content\/uploads\/2018\/05\/photo1656610973-768x512.jpeg\"\n    data-image=\"https:\/\/galapagosnative.com\/wp-content\/uploads\/2018\/05\/photo1656610973-1024x682.jpeg\"\n    data-title=\"photo1656610973\">\n\n<img decoding=\"async\" alt=\"photo1656610427\"\n   src=\"https:\/\/galapagosnative.com\/wp-content\/uploads\/2018\/05\/photo1656610427-768x512.jpeg\"\n    data-image=\"https:\/\/galapagosnative.com\/wp-content\/uploads\/2018\/05\/photo1656610427-1024x682.jpeg\"\n    data-title=\"photo1656610427\">\n\n  <\/div>\n  \n    \n<\/div>\n<!-- end Masonry & Justified Gallery -->\t\t\t\t<\/div>\n\t\t\t\t<\/div>\n\t\t\t\t\t<\/div>\n\t\t<\/div>\n\t\t\t\t\t<\/div>\n\t\t<\/section>\n\t\t\t\t<\/div>\n\t\t","protected":false},"excerpt":{"rendered":"<p>Gallery<\/p>\n","protected":false},"author":1,"featured_media":0,"parent":0,"menu_order":0,"comment_status":"closed","ping_status":"closed","template":"","meta":{"footnotes":""},"class_list":["post-1730","page","type-page","status-publish","hentry"],"_links":{"self":[{"href":"https:\/\/galapagosnative.com\/en\/wp-json\/wp\/v2\/pages\/1730","targetHints":{"allow":["GET"]}}],"collection":[{"href":"https:\/\/galapagosnative.com\/en\/wp-json\/wp\/v2\/pages"}],"about":[{"href":"https:\/\/galapagosnative.com\/en\/wp-json\/wp\/v2\/types\/page"}],"author":[{"embeddable":true,"href":"https:\/\/galapagosnative.com\/en\/wp-json\/wp\/v2\/users\/1"}],"replies":[{"embeddable":true,"href":"https:\/\/galapagosnative.com\/en\/wp-json\/wp\/v2\/comments?post=1730"}],"version-history":[{"count":6,"href":"https:\/\/galapagosnative.com\/en\/wp-json\/wp\/v2\/pages\/1730\/revisions"}],"predecessor-version":[{"id":5252,"href":"https:\/\/galapagosnative.com\/en\/wp-json\/wp\/v2\/pages\/1730\/revisions\/5252"}],"wp:attachment":[{"href":"https:\/\/galapagosnative.com\/en\/wp-json\/wp\/v2\/media?parent=1730"}],"curies":[{"name":"wp","href":"https:\/\/api.w.org\/{rel}","templated":true}]}}